{"id":3087,"date":"2025-02-07T15:00:40","date_gmt":"2025-02-07T14:00:40","guid":{"rendered":"https:\/\/tisseusesdeliens.be\/?page_id=3087"},"modified":"2025-03-03T17:10:54","modified_gmt":"2025-03-03T16:10:54","slug":"offre-coworking","status":"publish","type":"page","link":"https:\/\/tisseusesdeliens.be\/?page_id=3087","title":{"rendered":"Offre coworking"},"content":{"rendered":"\t\t<div data-elementor-type=\"wp-page\" data-elementor-id=\"3087\" class=\"elementor elementor-3087\" data-elementor-post-type=\"page\">\n\t\t\t\t<div class=\"elementor-element elementor-element-80c1b7d e-flex e-con-boxed e-con e-parent\" data-id=\"80c1b7d\" data-element_type=\"container\">\n\t\t\t\t\t<div class=\"e-con-inner\">\n\t\t\t\t<div class=\"elementor-element elementor-element-c3c4ada elementor-widget elementor-widget-heading\" data-id=\"c3c4ada\" data-element_type=\"widget\" data-widget_type=\"heading.default\">\n\t\t\t\t<div class=\"elementor-widget-container\">\n\t\t\t\t\t<h2 class=\"elementor-heading-title elementor-size-default\">Tu souhaites int\u00e9grer un collectif engag\u00e9 sans trop d'engagement ?<\/h2>\t\t\t\t<\/div>\n\t\t\t\t<\/div>\n\t\t\t\t\t<\/div>\n\t\t\t\t<\/div>\n\t\t<div class=\"elementor-element elementor-element-609e550 e-flex e-con-boxed e-con e-parent\" data-id=\"609e550\" data-element_type=\"container\">\n\t\t\t\t\t<div class=\"e-con-inner\">\n\t\t\t\t<div class=\"elementor-element elementor-element-302cc83 elementor-widget elementor-widget-text-editor\" data-id=\"302cc83\" data-element_type=\"widget\" data-widget_type=\"text-editor.default\">\n\t\t\t\t<div class=\"elementor-widget-container\">\n\t\t\t\t\t\t\t\t\t<p><b style=\"color: var( --e-global-color-text ); font-family: var( --e-global-typography-text-font-family ), Sans-serif; font-size: var( --e-global-typography-text-font-size ); text-align: var(--text-align);\">Pour toi si\u2026<\/b><\/p><p>\ud83e\uddf6Tu appr\u00e9cies\u00a0<strong>cr\u00e9er des liens avec d\u2019autres entrepreneuses du care<\/strong><br \/>\ud83e\uddf6Tu as envie<strong>\u00a0d\u2019un cadre motivant et collectif pour entreprendre\u00a0<\/strong><br \/>\ud83e\uddf6Tu aimerais profiter de <strong>r\u00e9ductions sur nos activit\u00e9s<\/strong> pour entrepreneuses du care ou <strong>la mise \u00e0 disposition<\/strong> du cocon<\/p>\t\t\t\t\t\t\t\t<\/div>\n\t\t\t\t<\/div>\n\t\t\t\t<div class=\"elementor-element elementor-element-fe67db2 elementor-cta--skin-cover elementor-widget__width-auto elementor-cta--valign-middle elementor-animated-content elementor-bg-transform elementor-bg-transform-zoom-in elementor-widget elementor-widget-call-to-action\" data-id=\"fe67db2\" data-element_type=\"widget\" data-widget_type=\"call-to-action.default\">\n\t\t\t\t<div class=\"elementor-widget-container\">\n\t\t\t\t\t\t\t<div class=\"elementor-cta\">\n\t\t\t\t\t<div class=\"elementor-cta__bg-wrapper\">\n\t\t\t\t<div class=\"elementor-cta__bg elementor-bg\" style=\"background-image: url(https:\/\/tisseusesdeliens.be\/wp-content\/uploads\/2024\/12\/WhatsApp-Image-2024-11-08-at-15.31.35-2-1-768x1024.jpeg);\" role=\"img\" aria-label=\"WhatsApp Image 2024-11-08 at 15.31.35 (2) (1)\"><\/div>\n\t\t\t\t<div class=\"elementor-cta__bg-overlay\"><\/div>\n\t\t\t<\/div>\n\t\t\t\t\t\t\t<div class=\"elementor-cta__content\">\n\t\t\t\t\n\t\t\t\t\t\t\t\t\t<h2 class=\"elementor-cta__title elementor-cta__content-item elementor-content-item elementor-animated-item--grow\">\n\t\t\t\t\t\tRejoins <br>notre <br>collectif du care\t\t\t\t\t<\/h2>\n\t\t\t\t\n\t\t\t\t\t\t\t\t\t<div class=\"elementor-cta__description elementor-cta__content-item elementor-content-item elementor-animated-item--grow\">\n\t\t\t\t\t\tFormulaire d'adh\u00e9sion\t\t\t\t\t<\/div>\n\t\t\t\t\n\t\t\t\t\t\t\t\t\t<div class=\"elementor-cta__button-wrapper elementor-cta__content-item elementor-content-item elementor-animated-item--grow\">\n\t\t\t\t\t<a class=\"elementor-cta__button elementor-button elementor-size-\" href=\"https:\/\/tisseusesdeliens.be\/?page_id=1591\">\n\t\t\t\t\t\tPar ici\t\t\t\t\t<\/a>\n\t\t\t\t\t<\/div>\n\t\t\t\t\t\t\t<\/div>\n\t\t\t\t\t\t<\/div>\n\t\t\t\t\t\t<\/div>\n\t\t\t\t<\/div>\n\t\t\t\t\t<\/div>\n\t\t\t\t<\/div>\n\t\t<div class=\"elementor-element elementor-element-3b32a88 e-flex e-con-boxed e-con e-parent\" data-id=\"3b32a88\" data-element_type=\"container\">\n\t\t\t\t\t<div class=\"e-con-inner\">\n\t\t\t\t<div class=\"elementor-element elementor-element-573bad3 elementor-widget elementor-widget-heading\" data-id=\"573bad3\" data-element_type=\"widget\" data-widget_type=\"heading.default\">\n\t\t\t\t<div class=\"elementor-widget-container\">\n\t\t\t\t\t<h2 class=\"elementor-heading-title elementor-size-default\">Notre formule annuelle pour te soutenir...<\/h2>\t\t\t\t<\/div>\n\t\t\t\t<\/div>\n\t\t\t\t\t<\/div>\n\t\t\t\t<\/div>\n\t\t<div class=\"elementor-element elementor-element-4a78304 e-flex e-con-boxed e-con e-parent\" data-id=\"4a78304\" data-element_type=\"container\">\n\t\t\t\t\t<div class=\"e-con-inner\">\n\t\t\t\t<div class=\"elementor-element elementor-element-e7c3016 elementor-widget elementor-widget-text-editor\" data-id=\"e7c3016\" data-element_type=\"widget\" data-widget_type=\"text-editor.default\">\n\t\t\t\t<div class=\"elementor-widget-container\">\n\t\t\t\t\t\t\t\t\t<p>Rejoins le collectif du care qui te donne l&rsquo;opportunit\u00e9 de&#8230;<\/p>\t\t\t\t\t\t\t\t<\/div>\n\t\t\t\t<\/div>\n\t\t\t\t\t<\/div>\n\t\t\t\t<\/div>\n\t\t<div class=\"elementor-element elementor-element-186b9c8 e-flex e-con-boxed e-con e-parent\" data-id=\"186b9c8\" data-element_type=\"container\">\n\t\t\t\t\t<div class=\"e-con-inner\">\n\t\t\t\t<div class=\"elementor-element elementor-element-50858af elementor-widget elementor-widget-heading\" data-id=\"50858af\" data-element_type=\"widget\" data-widget_type=\"heading.default\">\n\t\t\t\t<div class=\"elementor-widget-container\">\n\t\t\t\t\t<h2 class=\"elementor-heading-title elementor-size-default\">contribuer<\/h2>\t\t\t\t<\/div>\n\t\t\t\t<\/div>\n\t\t\t\t<div class=\"elementor-element elementor-element-545236c elementor-widget elementor-widget-text-editor\" data-id=\"545236c\" data-element_type=\"widget\" data-widget_type=\"text-editor.default\">\n\t\t\t\t<div class=\"elementor-widget-container\">\n\t\t\t\t\t\t\t\t\t<p>\ud83d\udd38 Bienvenue durant l&rsquo;<strong>ouverture hebdomadaire de nos espaces pour avancer sur ton projet et tes activit\u00e9s<\/strong><b> <\/b>dans un cadre chaleureux et inspirant (avec acc\u00e8s libre th\u00e9\/tisane\/caf\u00e9) &#8211; au moins 1\/2 journ\u00e9e par semaine.\u00a0<\/p><p><span style=\"text-decoration: underline;\">Quand ?<\/span> Tous les lundis matin entre 9h30 &amp; 13h30 pour commencer la semaine bien entour\u00e9e &#8211; s<span style=\"color: var( --e-global-color-text ); font-family: var( --e-global-typography-text-font-family ), Sans-serif; font-size: var( --e-global-typography-text-font-size ); font-weight: var( --e-global-typography-text-font-weight ); text-align: var(--text-align);\">ans compter nos sessions improvis\u00e9es en fonction des dispos du cocon.\u00a0<\/span><\/p><p><span style=\"color: var( --e-global-color-text ); font-family: var( --e-global-typography-text-font-family ), Sans-serif; font-size: var( --e-global-typography-text-font-size ); font-weight: var( --e-global-typography-text-font-weight ); text-align: var(--text-align);\">\ud83d\udd38Ca fait sens pour toi de <strong>nous rassembler pour faire grandir ensemble un autre mod\u00e8le de prendre soin et contribuer <\/strong>\u00e0 un projet o\u00f9 projet collectif qui soutient ton projet individuel\u00a0? Rejoins nos r\u00e9unions mensuelles ou groupes de travail selon tes disponibilit\u00e9s et tes envies.\u00a0<\/span><\/p><p><span style=\"text-decoration: underline;\">Quand ?<\/span> Tous les 3i\u00e8me lundis du mois + r\u00e9unions ponctuelles \u00e9ventuelles.<\/p>\t\t\t\t\t\t\t\t<\/div>\n\t\t\t\t<\/div>\n\t\t\t\t<div class=\"elementor-element elementor-element-bfaae19 elementor-widget elementor-widget-heading\" data-id=\"bfaae19\" data-element_type=\"widget\" data-widget_type=\"heading.default\">\n\t\t\t\t<div class=\"elementor-widget-container\">\n\t\t\t\t\t<h2 class=\"elementor-heading-title elementor-size-default\">Te relier<\/h2>\t\t\t\t<\/div>\n\t\t\t\t<\/div>\n\t\t\t\t<div class=\"elementor-element elementor-element-f9deece elementor-widget elementor-widget-text-editor\" data-id=\"f9deece\" data-element_type=\"widget\" data-widget_type=\"text-editor.default\">\n\t\t\t\t<div class=\"elementor-widget-container\">\n\t\t\t\t\t\t\t\t\t<p>\ud83d\udd38 B\u00e9n\u00e9ficie d&rsquo;un <strong>prix r\u00e9duit pour participer aux activit\u00e9s<\/strong> organis\u00e9es par Tisseuses de Liens pour les solo-entrepreneuses du care<\/p><ul><li>Des activit\u00e9s pour nous <strong>rencontrer et partager<\/strong> nos v\u00e9cus et ressources :<ul><li><b>Care &amp; Meet<\/b> : nos petit-d\u00e9jeuners conviviaux (9h-10h30)\u00a0<\/li><li><b>Caring Night<\/b> : nos soir\u00e9es pour passe du bon temps ensemble (18h30 &#8211; 20h00)<\/li><li><span style=\"text-decoration: underline;\">Quand ?<\/span> Alternance 1 fois par mois de la Caring Night &amp; du Care &amp; Meet.<\/li><\/ul><\/li><li>Des <b>formations ponctuelles<\/b> accessibles \u00e0 toute entrepreneuses du care \u00e0 prix r\u00e9duits pour les membres du collectif du care<\/li><\/ul><p>\ud83d\udd38 Rejoins le groupe WhatsApp du collectif pour \u00e9changer et partager\u00a0<\/p>\t\t\t\t\t\t\t\t<\/div>\n\t\t\t\t<\/div>\n\t\t\t\t<div class=\"elementor-element elementor-element-d96cec6 elementor-widget elementor-widget-heading\" data-id=\"d96cec6\" data-element_type=\"widget\" data-widget_type=\"heading.default\">\n\t\t\t\t<div class=\"elementor-widget-container\">\n\t\t\t\t\t<h2 class=\"elementor-heading-title elementor-size-default\">Tester &amp; visibiliser tes activit\u00e9s<\/h2>\t\t\t\t<\/div>\n\t\t\t\t<\/div>\n\t\t\t\t<div class=\"elementor-element elementor-element-1e7ee72 elementor-widget elementor-widget-text-editor\" data-id=\"1e7ee72\" data-element_type=\"widget\" data-widget_type=\"text-editor.default\">\n\t\t\t\t<div class=\"elementor-widget-container\">\n\t\t\t\t\t\t\t\t\t<p>\ud83d\udd38 Nous <strong>mettons le cocon des tisseuses ainsi que son mat\u00e9riel p\u00e9dagogique et cr\u00e9atif \u00e0 disposition des membres du collectif<\/strong>. B\u00e9n\u00e9ficie de prix avantageux.\u00a0<\/p><p>Cette mise \u00e0 disposition est limit\u00e9e \u00e0 4 heures en matin\u00e9e, apr\u00e8s midi ou soir\u00e9e, pr\u00e9paration et rangement compris. Envie de plus, rejoins nos Partenaires du care.<\/p><p>\ud83d\udd38 Si tu le souhaites, nous <strong>boostons ta communication aupr\u00e8s de notre communaut\u00e9<\/strong> gr\u00e2ce \u00e0 l&rsquo;apparition de ton activit\u00e9 dans l&rsquo;agenda mensuel du cocon que nous partageons sur nos r\u00e9seaux sociaux, notre site web et les groupes Facebook locaux. Les participantes sont redirig\u00e9es vers le lien d&rsquo;inscription \u00e0 ton activit\u00e9.<\/p><p><span style=\"text-decoration: underline;\"><strong>TARIFS<\/strong><\/span><\/p><p>Mise \u00e0 disposition + soutien \u00e0 ta communication\u00a0<\/p><p><span style=\"color: var( --e-global-color-text ); font-family: var( --e-global-typography-text-font-family ), Sans-serif; font-size: var( --e-global-typography-text-font-size ); font-weight: var( --e-global-typography-text-font-weight ); text-align: var(--text-align);\">= 65 euros<\/span><\/p><p><span style=\"color: var( --e-global-color-text ); font-family: var( --e-global-typography-text-font-family ), Sans-serif; font-size: var( --e-global-typography-text-font-size ); font-weight: var( --e-global-typography-text-font-weight ); text-align: var(--text-align);\">Mise \u00e0 disposition sans soutien \u00e0 ta communication\u00a0<\/span><\/p><p><span style=\"color: var( --e-global-color-text ); font-family: var( --e-global-typography-text-font-family ), Sans-serif; font-size: var( --e-global-typography-text-font-size ); font-weight: var( --e-global-typography-text-font-weight ); text-align: var(--text-align);\">= 35 euros<\/span><\/p>\t\t\t\t\t\t\t\t<\/div>\n\t\t\t\t<\/div>\n\t\t\t\t\t<\/div>\n\t\t\t\t<\/div>\n\t\t<div class=\"elementor-element elementor-element-9a878b9 e-flex e-con-boxed e-con e-parent\" data-id=\"9a878b9\" data-element_type=\"container\">\n\t\t\t\t\t<div class=\"e-con-inner\">\n\t\t<div class=\"elementor-element elementor-element-0d12514 e-con-full e-flex e-con e-child\" data-id=\"0d12514\" data-element_type=\"container\">\n\t\t\t\t<div class=\"elementor-element elementor-element-0039ac9 elementor-widget elementor-widget-heading\" data-id=\"0039ac9\" data-element_type=\"widget\" data-widget_type=\"heading.default\">\n\t\t\t\t<div class=\"elementor-widget-container\">\n\t\t\t\t\t<h2 class=\"elementor-heading-title elementor-size-default\">Et le prix ? <\/h2>\t\t\t\t<\/div>\n\t\t\t\t<\/div>\n\t\t\t\t<\/div>\n\t\t\t\t<div class=\"elementor-element elementor-element-8d407fe elementor-widget elementor-widget-text-editor\" data-id=\"8d407fe\" data-element_type=\"widget\" data-widget_type=\"text-editor.default\">\n\t\t\t\t<div class=\"elementor-widget-container\">\n\t\t\t\t\t\t\t\t\t<p><span style=\"text-decoration: underline;\"><strong>TARIFS<\/strong><\/span><\/p><p>Prix d&rsquo;adh\u00e9sion annuelle au collectif du care\u00a0<\/p><p>= <strong>50\u20ac\/ann\u00e9e calendrier<\/strong><\/p><p>Mise \u00e0 disposition + soutien \u00e0 ta communication\u00a0<\/p><p><strong><span style=\"color: var( --e-global-color-text ); font-family: var( --e-global-typography-text-font-family ), Sans-serif; font-size: var( --e-global-typography-text-font-size ); text-align: var(--text-align);\">= 65\u20ac\/activit\u00e9<\/span><\/strong><\/p><p><span style=\"color: var( --e-global-color-text ); font-family: var( --e-global-typography-text-font-family ), Sans-serif; font-size: var( --e-global-typography-text-font-size ); font-weight: var( --e-global-typography-text-font-weight ); text-align: var(--text-align);\">Mise \u00e0 disposition sans soutien \u00e0 ta communication\u00a0<\/span><\/p><p><strong><span style=\"color: var( --e-global-color-text ); font-family: var( --e-global-typography-text-font-family ), Sans-serif; font-size: var( --e-global-typography-text-font-size ); text-align: var(--text-align);\">= 35\u20ac\/activit\u00e9<\/span><\/strong><\/p>\t\t\t\t\t\t\t\t<\/div>\n\t\t\t\t<\/div>\n\t\t\t\t<div class=\"elementor-element elementor-element-b31e172 elementor-widget elementor-widget-text-editor\" data-id=\"b31e172\" data-element_type=\"widget\" data-widget_type=\"text-editor.default\">\n\t\t\t\t<div class=\"elementor-widget-container\">\n\t\t\t\t\t\t\t\t\t<h3><b>\ud83d\udce9 Int\u00e9ress\u00e9e ?\u00a0<\/b><\/h3><p>Demande ton adh\u00e9sion annuelle d\u00e8s maintenant via ce formulaire.<\/p>\t\t\t\t\t\t\t\t<\/div>\n\t\t\t\t<\/div>\n\t\t\t\t\t<\/div>\n\t\t\t\t<\/div>\n\t\t<div class=\"elementor-element elementor-element-703d390 e-flex e-con-boxed e-con e-parent\" data-id=\"703d390\" data-element_type=\"container\">\n\t\t\t\t\t<div class=\"e-con-inner\">\n\t\t\t\t<div class=\"elementor-element elementor-element-5086cfe elementor-align-center elementor-widget elementor-widget-button\" data-id=\"5086cfe\" data-element_type=\"widget\" data-widget_type=\"button.default\">\n\t\t\t\t<div class=\"elementor-widget-container\">\n\t\t\t\t\t\t\t\t\t<div class=\"elementor-button-wrapper\">\n\t\t\t\t\t<a class=\"elementor-button elementor-button-link elementor-size-sm\" href=\"https:\/\/forms.gle\/h5uq2diutRdJr4ig9\">\n\t\t\t\t\t\t<span class=\"elementor-button-content-wrapper\">\n\t\t\t\t\t\t\t\t\t<span class=\"elementor-button-text\">Formulaire d'adh\u00e9sion<\/span>\n\t\t\t\t\t<\/span>\n\t\t\t\t\t<\/a>\n\t\t\t\t<\/div>\n\t\t\t\t\t\t\t\t<\/div>\n\t\t\t\t<\/div>\n\t\t\t\t\t<\/div>\n\t\t\t\t<\/div>\n\t\t<div class=\"elementor-element elementor-element-2de1115 e-flex e-con-boxed e-con e-parent\" data-id=\"2de1115\" data-element_type=\"container\">\n\t\t\t\t\t<div class=\"e-con-inner\">\n\t\t\t\t<div class=\"elementor-element elementor-element-c161dbe elementor-widget elementor-widget-heading\" data-id=\"c161dbe\" data-element_type=\"widget\" data-widget_type=\"heading.default\">\n\t\t\t\t<div class=\"elementor-widget-container\">\n\t\t\t\t\t<h2 class=\"elementor-heading-title elementor-size-default\">Envie d'intensifier tes activit\u00e9s au cocon ? <\/h2>\t\t\t\t<\/div>\n\t\t\t\t<\/div>\n\t\t\t\t<div class=\"elementor-element elementor-element-ac0b1b3 elementor-widget elementor-widget-text-editor\" data-id=\"ac0b1b3\" data-element_type=\"widget\" data-widget_type=\"text-editor.default\">\n\t\t\t\t<div class=\"elementor-widget-container\">\n\t\t\t\t\t\t\t\t\t<p>Tu te sens bien au cocon et tu d\u00e9veloppes davantage d&rsquo;activit\u00e9s ? Deviens Partenaire du care.<\/p><p>Nous avons une <b>formule trimestrielle<\/b> pour \u00e9voluer au cocon jusqu&rsquo;\u00e0 4 heures de mise \u00e0 disposition par semaine.\u00a0<\/p>\t\t\t\t\t\t\t\t<\/div>\n\t\t\t\t<\/div>\n\t\t\t\t\t<\/div>\n\t\t\t\t<\/div>\n\t\t<div class=\"elementor-element elementor-element-2056e08 e-flex e-con-boxed e-con e-parent\" data-id=\"2056e08\" data-element_type=\"container\">\n\t\t\t\t\t<div class=\"e-con-inner\">\n\t\t\t\t<div class=\"elementor-element elementor-element-30af710 elementor-cta--skin-cover elementor-widget__width-auto elementor-cta--valign-middle elementor-animated-content elementor-bg-transform elementor-bg-transform-zoom-in elementor-widget elementor-widget-call-to-action\" data-id=\"30af710\" data-element_type=\"widget\" data-widget_type=\"call-to-action.default\">\n\t\t\t\t<div class=\"elementor-widget-container\">\n\t\t\t\t\t\t\t<div class=\"elementor-cta\">\n\t\t\t\t\t<div class=\"elementor-cta__bg-wrapper\">\n\t\t\t\t<div class=\"elementor-cta__bg elementor-bg\" style=\"background-image: url(https:\/\/tisseusesdeliens.be\/wp-content\/uploads\/2024\/08\/WhatsApp-Image-2024-08-29-at-16.17.01-4-768x1024.jpeg);\" role=\"img\" aria-label=\"WhatsApp Image 2024-08-29 at 16.17.01 (4)\"><\/div>\n\t\t\t\t<div class=\"elementor-cta__bg-overlay\"><\/div>\n\t\t\t<\/div>\n\t\t\t\t\t\t\t<div class=\"elementor-cta__content\">\n\t\t\t\t\n\t\t\t\t\t\t\t\t\t<h2 class=\"elementor-cta__title elementor-cta__content-item elementor-content-item elementor-animated-item--grow\">\n\t\t\t\t\t\tPartenaire du care\t\t\t\t\t<\/h2>\n\t\t\t\t\n\t\t\t\t\t\t\t\t\t<div class=\"elementor-cta__description elementor-cta__content-item elementor-content-item elementor-animated-item--grow\">\n\t\t\t\t\t\tC'est quoi ?\t\t\t\t\t<\/div>\n\t\t\t\t\n\t\t\t\t\t\t\t\t\t<div class=\"elementor-cta__button-wrapper elementor-cta__content-item elementor-content-item elementor-animated-item--grow\">\n\t\t\t\t\t<a class=\"elementor-cta__button elementor-button elementor-size-\" href=\"https:\/\/tisseusesdeliens.be\/?page_id=2099\">\n\t\t\t\t\t\tPar ici\t\t\t\t\t<\/a>\n\t\t\t\t\t<\/div>\n\t\t\t\t\t\t\t<\/div>\n\t\t\t\t\t\t<\/div>\n\t\t\t\t\t\t<\/div>\n\t\t\t\t<\/div>\n\t\t\t\t\t<\/div>\n\t\t\t\t<\/div>\n\t\t\t\t<\/div>\n\t\t","protected":false},"excerpt":{"rendered":"<p>Tu souhaites int\u00e9grer un collectif engag\u00e9 sans trop d&rsquo;engagement ? Pour toi si\u2026 \ud83e\uddf6Tu appr\u00e9cies\u00a0cr\u00e9er des liens avec d\u2019autres entrepreneuses du care\ud83e\uddf6Tu as envie\u00a0d\u2019un cadre motivant et collectif pour entreprendre\u00a0\ud83e\uddf6Tu aimerais profiter de r\u00e9ductions sur nos activit\u00e9s pour entrepreneuses du care ou la mise \u00e0 disposition du cocon Rejoins notre collectif du care Formulaire d&rsquo;adh\u00e9sion [&hellip;]<\/p>\n","protected":false},"author":1,"featured_media":0,"parent":0,"menu_order":0,"comment_status":"closed","ping_status":"closed","template":"","meta":{"footnotes":""},"class_list":["post-3087","page","type-page","status-publish","hentry"],"_links":{"self":[{"href":"https:\/\/tisseusesdeliens.be\/index.php?rest_route=\/wp\/v2\/pages\/3087","targetHints":{"allow":["GET"]}}],"collection":[{"href":"https:\/\/tisseusesdeliens.be\/index.php?rest_route=\/wp\/v2\/pages"}],"about":[{"href":"https:\/\/tisseusesdeliens.be\/index.php?rest_route=\/wp\/v2\/types\/page"}],"author":[{"embeddable":true,"href":"https:\/\/tisseusesdeliens.be\/index.php?rest_route=\/wp\/v2\/users\/1"}],"replies":[{"embeddable":true,"href":"https:\/\/tisseusesdeliens.be\/index.php?rest_route=%2Fwp%2Fv2%2Fcomments&post=3087"}],"version-history":[{"count":202,"href":"https:\/\/tisseusesdeliens.be\/index.php?rest_route=\/wp\/v2\/pages\/3087\/revisions"}],"predecessor-version":[{"id":3999,"href":"https:\/\/tisseusesdeliens.be\/index.php?rest_route=\/wp\/v2\/pages\/3087\/revisions\/3999"}],"wp:attachment":[{"href":"https:\/\/tisseusesdeliens.be\/index.php?rest_route=%2Fwp%2Fv2%2Fmedia&parent=3087"}],"curies":[{"name":"wp","href":"https:\/\/api.w.org\/{rel}","templated":true}]}}